{"id":7521,"date":"2026-03-23T16:35:06","date_gmt":"2026-03-23T16:35:06","guid":{"rendered":"https:\/\/mimir.is\/?page_id=7521"},"modified":"2026-04-27T13:14:23","modified_gmt":"2026-04-27T13:14:23","slug":"zarezerwuj-lekcje-praktyczna","status":"publish","type":"page","link":"https:\/\/mimir.is\/pl\/radgjof\/raunfaernimat\/boka-raunfaernimat\/","title":{"rendered":"Um\u00f3w si\u0119 na ocen\u0119 praktyczn\u0105"},"content":{"rendered":"","protected":false},"excerpt":{"rendered":"","protected":false},"author":1,"featured_media":0,"parent":698,"menu_order":0,"comment_status":"closed","ping_status":"closed","template":"","meta":{"_acf_changed":false,"_breakdance_hide_in_design_set":false,"_breakdance_tags":"","footnotes":""},"search-tag":[],"class_list":["post-7521","page","type-page","status-publish","hentry"],"acf":[],"_links":{"self":[{"href":"https:\/\/mimir.is\/pl\/wp-json\/wp\/v2\/pages\/7521","targetHints":{"allow":["GET"]}}],"collection":[{"href":"https:\/\/mimir.is\/pl\/wp-json\/wp\/v2\/pages"}],"about":[{"href":"https:\/\/mimir.is\/pl\/wp-json\/wp\/v2\/types\/page"}],"author":[{"embeddable":true,"href":"https:\/\/mimir.is\/pl\/wp-json\/wp\/v2\/users\/1"}],"replies":[{"embeddable":true,"href":"https:\/\/mimir.is\/pl\/wp-json\/wp\/v2\/comments?post=7521"}],"version-history":[{"count":0,"href":"https:\/\/mimir.is\/pl\/wp-json\/wp\/v2\/pages\/7521\/revisions"}],"up":[{"embeddable":true,"href":"https:\/\/mimir.is\/pl\/wp-json\/wp\/v2\/pages\/698"}],"wp:attachment":[{"href":"https:\/\/mimir.is\/pl\/wp-json\/wp\/v2\/media?parent=7521"}],"wp:term":[{"taxonomy":"search-tag","embeddable":true,"href":"https:\/\/mimir.is\/pl\/wp-json\/wp\/v2\/search-tag?post=7521"}],"curies":[{"name":"WordPress","href":"https:\/\/api.w.org\/{rel}","templated":true}]}}