{"id":4567,"date":"2026-03-06T15:51:14","date_gmt":"2026-03-06T15:51:14","guid":{"rendered":"https:\/\/mimir.is\/?page_id=4567"},"modified":"2026-03-23T17:00:43","modified_gmt":"2026-03-23T17:00:43","slug":"chien-luoc-va-ke-hoach","status":"publish","type":"page","link":"https:\/\/mimir.is\/vi\/um-mimi\/gaedastefnur-og-aaetlanir\/","title":{"rendered":"Ch\u00ednh s\u00e1ch v\u00e0 k\u1ebf ho\u1ea1ch v\u1ec1 ch\u1ea5t l\u01b0\u1ee3ng"},"content":{"rendered":"","protected":false},"excerpt":{"rendered":"","protected":false},"author":1,"featured_media":0,"parent":696,"menu_order":0,"comment_status":"closed","ping_status":"closed","template":"","meta":{"_acf_changed":false,"_breakdance_hide_in_design_set":false,"_breakdance_tags":"","footnotes":""},"search-tag":[],"class_list":["post-4567","page","type-page","status-publish","hentry"],"acf":[],"_links":{"self":[{"href":"https:\/\/mimir.is\/vi\/wp-json\/wp\/v2\/pages\/4567","targetHints":{"allow":["GET"]}}],"collection":[{"href":"https:\/\/mimir.is\/vi\/wp-json\/wp\/v2\/pages"}],"about":[{"href":"https:\/\/mimir.is\/vi\/wp-json\/wp\/v2\/types\/page"}],"author":[{"embeddable":true,"href":"https:\/\/mimir.is\/vi\/wp-json\/wp\/v2\/users\/1"}],"replies":[{"embeddable":true,"href":"https:\/\/mimir.is\/vi\/wp-json\/wp\/v2\/comments?post=4567"}],"version-history":[{"count":0,"href":"https:\/\/mimir.is\/vi\/wp-json\/wp\/v2\/pages\/4567\/revisions"}],"up":[{"embeddable":true,"href":"https:\/\/mimir.is\/vi\/wp-json\/wp\/v2\/pages\/696"}],"wp:attachment":[{"href":"https:\/\/mimir.is\/vi\/wp-json\/wp\/v2\/media?parent=4567"}],"wp:term":[{"taxonomy":"search-tag","embeddable":true,"href":"https:\/\/mimir.is\/vi\/wp-json\/wp\/v2\/search-tag?post=4567"}],"curies":[{"name":"WordPress","href":"https:\/\/api.w.org\/{rel}","templated":true}]}}