{"id":716,"date":"2025-05-28T16:31:18","date_gmt":"2025-05-28T16:31:18","guid":{"rendered":"https:\/\/mimir.is\/?page_id=716"},"modified":"2026-02-19T13:19:46","modified_gmt":"2026-02-19T13:19:46","slug":"phan-tich-muc-do-hai-long-trong-cong-viec","status":"publish","type":"page","link":"https:\/\/mimir.is\/vi\/fyrirtaekjathjonusta\/haefnigreining-starfa\/","title":{"rendered":"Ph\u00e2n t\u00edch n\u0103ng l\u1ef1c ngh\u1ec1 nghi\u1ec7p"},"content":{"rendered":"","protected":false},"excerpt":{"rendered":"","protected":false},"author":1,"featured_media":3861,"parent":692,"menu_order":0,"comment_status":"closed","ping_status":"closed","template":"","meta":{"_acf_changed":false,"_breakdance_hide_in_design_set":false,"_breakdance_tags":"","footnotes":""},"search-tag":[],"class_list":["post-716","page","type-page","status-publish","has-post-thumbnail","hentry"],"acf":[],"_links":{"self":[{"href":"https:\/\/mimir.is\/vi\/wp-json\/wp\/v2\/pages\/716","targetHints":{"allow":["GET"]}}],"collection":[{"href":"https:\/\/mimir.is\/vi\/wp-json\/wp\/v2\/pages"}],"about":[{"href":"https:\/\/mimir.is\/vi\/wp-json\/wp\/v2\/types\/page"}],"author":[{"embeddable":true,"href":"https:\/\/mimir.is\/vi\/wp-json\/wp\/v2\/users\/1"}],"replies":[{"embeddable":true,"href":"https:\/\/mimir.is\/vi\/wp-json\/wp\/v2\/comments?post=716"}],"version-history":[{"count":0,"href":"https:\/\/mimir.is\/vi\/wp-json\/wp\/v2\/pages\/716\/revisions"}],"up":[{"embeddable":true,"href":"https:\/\/mimir.is\/vi\/wp-json\/wp\/v2\/pages\/692"}],"wp:featuredmedia":[{"embeddable":true,"href":"https:\/\/mimir.is\/vi\/wp-json\/wp\/v2\/media\/3861"}],"wp:attachment":[{"href":"https:\/\/mimir.is\/vi\/wp-json\/wp\/v2\/media?parent=716"}],"wp:term":[{"taxonomy":"search-tag","embeddable":true,"href":"https:\/\/mimir.is\/vi\/wp-json\/wp\/v2\/search-tag?post=716"}],"curies":[{"name":"WordPress","href":"https:\/\/api.w.org\/{rel}","templated":true}]}}